{"id":494,"date":"2018-12-19T01:19:55","date_gmt":"2018-12-19T06:19:55","guid":{"rendered":"https:\/\/www.forecaasconsulting.com\/mesmerize\/"},"modified":"2024-01-22T14:09:04","modified_gmt":"2024-01-22T19:09:04","slug":"mesmerize","status":"publish","type":"page","link":"https:\/\/www.forecaasconsulting.com\/fr\/","title":{"rendered":"Front Page"},"content":{"rendered":"<div  data-label=\"Features\" data-id=\"features--1\" data-export-id=\"features-12\" data-category=\"features\" class=\"features-12 content-section content-section-spacing\" id=\"features-1\" style=\"background-color: rgb(255, 255, 255); background-image: none;\"><div  class=\"gridContainer\"> <div  class=\"row text-center\"><div  class=\"section-title-col\" data-type=\"column\"> <h2  class=\"\">Analyser. Optimiser. Dynamiser.<\/h2> <p  class=\"lead\">Mettant a\u0300 profit des anne\u0301es d\u2019expe\u0301rience de ventes dans diffe\u0301rentes industries, et de gestion d\u2019e\u0301quipes de tailles diverses, notre e\u0301quipe fait la diffe\u0301rence sur plusieurs e\u0301le\u0301ments critiques.<\/p><\/div> <\/div> <div  class=\"row spaced-cols\" data-type=\"row\"> <div  class=\"col-sm-6\"> <div  class=\"row space-bottom\"> <div  class=\"col-sm-fit icon-column\"> <i  class=\"fa icon color2 fa-dollar bordered round\"><\/i> <\/div> <div  class=\"col-sm\" data-type=\"column\"> <h5  class=\"color2\">Strate\u0301gie de de\u0301veloppement d\u2019affaires<\/h5> <p  class=\"\">Trois zones a\u0300 revisiter: le marche\u0301 cible, les produits et solutions de la compagnie, et la structure de l\u2019effort de de\u0301veloppement commercial. S\u2019il existe un de\u0301salignement entre ces zones, il y a un impact direct sur la capacite\u0301 de la socie\u0301te\u0301 a\u0300 attirer de nouveaux clients.<\/p><\/div> <\/div><\/div> <div  class=\"col-sm-6\"><div  class=\"row space-bottom\"> <div  class=\"col-sm-fit icon-column\"><i  class=\"fa icon color2 fa-bar-chart-o bordered round\"><\/i><\/div> <div  class=\"col-sm\" data-type=\"column\"><h5  class=\"color2\">Pre\u0301visions de ventes et de revenus\u2028<\/h5> <p  class=\"\">Critique pour toute socie\u0301te\u0301 en forte croissance, ou qui souhaite aligner avec pre\u0301cision les efforts de livraison a\u0300 une demande client re\u0301elle. Un ensemble d\u2019outils et de process peuvent e\u0302tre mis a\u0300 contribution pour finalement donner un meilleur contro\u0302le du pipeline d\u2019opportunite\u0301s.<\/p><\/div> <\/div><\/div> <div  class=\"col-sm-6\"><div  class=\"row space-bottom\"> <div  class=\"col-sm-fit icon-column\"><i  class=\"fa icon color2 fa-handshake-o bordered round\"><\/i><\/div> <div  class=\"col-sm\" data-type=\"column\"><h5  class=\"color2\">Exp\u00e9rience Client<\/h5> <p  class=\"\">Pour maintenir la base de clients installe\u0301s et assurer un revenu re\u0301current, il est vital de bien comprendre le parcours client, de\u0301finir pre\u0301cise\u0301ment toutes les inte\u0301ractions et mettre en place des politiques permettant de fournir une Expe\u0301rience Client cohe\u0301rente.<\/p><\/div> <\/div><\/div> <div  class=\"col-sm-6\"><div  class=\"row space-bottom\"> <div  class=\"col-sm-fit icon-column\"><i  class=\"fa icon color2 fa-cogs bordered round\"><\/i><\/div> <div  class=\"col-sm\" data-type=\"column\"><h5  class=\"color2\">Ope\u0301rations des Ventes &amp; Marketing<\/h5> <p  class=\"\">Augmentez l\u2019efficacite\u0301 organisationnelle: les Ope\u0301rations des Ventes sont responsable de fournir une approche e\u0301volutive des processus et me\u0301triques de ventes, en s\u2019adaptant a\u0300 la croissance, ainsi qu\u2019une coordination accrue avec les autres de\u0301partements au sein de la compagnie (Marketing, Livraison, Finances).\u2029<\/p><\/div> <\/div><\/div> <\/div><\/div> <\/div><div  data-label=\"Cta\" data-id=\"cta--1\" data-export-id=\"cta-blue-section-mc\" data-category=\"cta\" class=\"cta-blue-section-mc content-section content-section-spacing le_cocktail white-text\" id=\"cta-1\" style=\"background-color: rgb(245, 250, 253);\"><div  class=\"gridContainer\"> <div  class=\"row middle-xs\"><div  class=\"col-sm-8 space-bottom-xs\" data-type=\"column\"> <h2  class=\"\">D\u00e9couvrez nos services<\/h2> <\/div> <div  class=\"col-sm-4 end-sm\" data-type=\"column\"> <a class=\"button blue\" href=\"https:\/\/www.forecaasconsulting.com\/services\" target=\"_self\" data-cp-link=\"1\" rel=\"noopener noreferrer\">En savoir plus<\/a><a class=\"button color2\" href=\"#contact-1\" target=\"_self\" data-cp-link=\"1\" rel=\"noopener noreferrer\">Nous joindre<\/a><\/div> <\/div><\/div> <\/div><div  data-label=\"Testimonials\" data-id=\"testimonials--2\" data-export-id=\"testimonials-5-mc\" data-category=\"testimonials\" class=\"testimonials-5-mc content-section content-section-spacing\" id=\"testimonials-2\" style=\"background-color: rgb(245, 250, 253); background-image: none;\"><div  class=\"gridContainer\"> <div  class=\"row\"><div  data-type=\"column\" class=\"section-title-col\">  <h2  class=\"\">T\u00e9moignages Client<\/h2> <p  class=\"lead\">Voici ce que nos clients disent de nous:<\/p><\/div> <\/div> <div  class=\"row spaced-cols center-sm content-left-sm\" data-type=\"row\">  <div  class=\"col-sm-4 col-md-6\"> <div  class=\"card y-move bordered\" data-type=\"column\"> <i  class=\"fa fa-quote-right icon color1 small quotation-icon\"><\/i> <p  class=\"text-center\">En travaillant avec Gabriel chez ForecaaS, nous avons \u00e9t\u00e9 capable d'augmenter de fa\u00e7on significative la visibilit\u00e9 sur notre pipeline de ventes. \n<br ><br >Leur m\u00e9thodologie et leur cadre de coaching nous a permis d'optimiser l'efficacit\u00e9 de notre \u00e9quipe de ventes et de cro\u00eetre notre fen\u00eatre de pr\u00e9vision de 2 semaines \u00e0 6 mois.\n<\/p><img  decoding=\"async\" src=\"https:\/\/www.forecaasconsulting.com\/wp-content\/uploads\/2019\/06\/0-1.png\" class=\"round icon\" alt=\"\" title=\"0-1\">  <h6  class=\"\">Gabriel Tupula<\/h6> <p  class=\"small italic\">Pr\u00e9sident, Big Bang ERP<\/p><\/div> <\/div><div  class=\"col-sm-4 col-md-6\"> <div  class=\"card y-move bordered\" data-type=\"column\"> <i  class=\"fa fa-quote-right icon color1 small quotation-icon\"><\/i> <p  class=\"text-center\">La m\u00e9thodologie de ForecaaS et les am\u00e9liorations apport\u00e9es subs\u00e9quemment au syst\u00e8me CRM nous ont donn\u00e9 une bien meilleure visibilit\u00e9 sur la croissance et un meilleur contr\u00f4le sur les chiffres de ventes. <br >D'autre part, nous avons pu travailler avec Gabriel \u00e0 l'expansion de DiliTrust \u00e0 travers le Canada et les US, doublant ainsi le nombre de commerciaux terrains.<\/p><img  decoding=\"async\" src=\"https:\/\/www.forecaasconsulting.com\/wp-content\/uploads\/2019\/08\/dilitrust.png\" class=\"round icon\" alt=\"\" title=\"dilitrust\">  <h6  class=\"\">Yves Garagnon<\/h6> <p  class=\"small italic\">Pr\u00e9sident, DiliTrust<\/p><\/div> <\/div> <\/div> <\/div><\/div><div  id=\"contact-1\" style=\"background-color: #ffffff;\" data-label=\"Contact\" data-id=\"contact-1-mc\" data-export-id=\"contact-1-mc\" data-bullets-visibility=\"true\" data-category=\"contact\" class=\"contact-1-mc content-section content-section-spacing white-text\" data-parallax-depth=\"20\"><div  class=\"gridContainer\"> <div  class=\"row text-center\"><div  class=\"section-title-col\" data-type=\"column\">  <h2  class=\"\">Contactez-nous<\/h2> <p  class=\"lead\">N'h\u00e9sitez pas \u00e0 remplir le formulaire ci-dessous avec une description rapide de votre demande, et nous vous contacterons rapidement!\nSinon, vous pouvez nous appeler directement au 1-855-949-0090 (toll-free Canada et USA) pour en discuter.<\/p><\/div> <\/div> <div  class=\"row text-center\"> <div  class=\"col-xs-12 col-sm-8 col-sm-offset-2 contact-form-wrapper inline-info\"> <div  class=\"card large-padding\"> <div  class=\"\" data-content-shortcode=\"mesmerize_contact_form shortcode=&quot;hubspot type=&amp;amp;quot;form&amp;amp;quot; portal=&amp;amp;quot;44963217&amp;amp;quot; id=&amp;amp;quot;6f91625a-bebb-4e39-aa9a-fc2649f89811&amp;amp;quot;&quot;\" data-editable=\"true\">\n\t\t\t\t\t\t<script>\n\t\t\t\t\t\t\twindow.hsFormsOnReady = window.hsFormsOnReady || [];\n\t\t\t\t\t\t\twindow.hsFormsOnReady.push(()=>{\n\t\t\t\t\t\t\t\thbspt.forms.create({\n\t\t\t\t\t\t\t\t\tportalId: 44963217,\n\t\t\t\t\t\t\t\t\tformId: \"6f91625a-bebb-4e39-aa9a-fc2649f89811\",\n\t\t\t\t\t\t\t\t\ttarget: \"#hbspt-form-1778068246000-9180544254\",\n\t\t\t\t\t\t\t\t\tregion: \"na1\",\n\t\t\t\t\t\t\t\t\t\n\t\t\t\t\t\t\t})});\n\t\t\t\t\t\t<\/script>\n\t\t\t\t\t\t<div class=\"hbspt-form\" id=\"hbspt-form-1778068246000-9180544254\"><\/div><\/div><\/div> <\/div><\/div> <\/div><\/div>","protected":false},"excerpt":{"rendered":"<p>Analyze. Optimize. Empower. Leveraging years of experience selling in different industries, and managing sales teams of various size, our team can make a difference on several key topics of&nbsp;the revenue engine. Business Development Strategy Three main areas to review: (1) target market, (2) company\u2019s key products and solutions, and (3) business development effort structure. If&hellip; <br \/> <a class=\"read-more\" href=\"https:\/\/www.forecaasconsulting.com\/fr\/\">Lire la suite<\/a><\/p>","protected":false},"author":1,"featured_media":0,"parent":0,"menu_order":0,"comment_status":"closed","ping_status":"closed","template":"page-templates\/homepage.php","meta":{"content-type":"","footnotes":""},"class_list":["post-494","page","type-page","status-publish","hentry"],"_links":{"self":[{"href":"https:\/\/www.forecaasconsulting.com\/fr\/wp-json\/wp\/v2\/pages\/494","targetHints":{"allow":["GET"]}}],"collection":[{"href":"https:\/\/www.forecaasconsulting.com\/fr\/wp-json\/wp\/v2\/pages"}],"about":[{"href":"https:\/\/www.forecaasconsulting.com\/fr\/wp-json\/wp\/v2\/types\/page"}],"author":[{"embeddable":true,"href":"https:\/\/www.forecaasconsulting.com\/fr\/wp-json\/wp\/v2\/users\/1"}],"replies":[{"embeddable":true,"href":"https:\/\/www.forecaasconsulting.com\/fr\/wp-json\/wp\/v2\/comments?post=494"}],"version-history":[{"count":8,"href":"https:\/\/www.forecaasconsulting.com\/fr\/wp-json\/wp\/v2\/pages\/494\/revisions"}],"predecessor-version":[{"id":730,"href":"https:\/\/www.forecaasconsulting.com\/fr\/wp-json\/wp\/v2\/pages\/494\/revisions\/730"}],"wp:attachment":[{"href":"https:\/\/www.forecaasconsulting.com\/fr\/wp-json\/wp\/v2\/media?parent=494"}],"curies":[{"name":"wp","href":"https:\/\/api.w.org\/{rel}","templated":true}]}}